{"id":59,"date":"2017-07-13T09:46:48","date_gmt":"2017-07-13T09:46:48","guid":{"rendered":"http:\/\/tierarzt-bad-brueckenau.de\/?page_id=59"},"modified":"2023-12-16T11:52:41","modified_gmt":"2023-12-16T11:52:41","slug":"leistungen","status":"publish","type":"page","link":"http:\/\/tierarzt-bad-brueckenau.de\/?page_id=59","title":{"rendered":"LEISTUNGEN"},"content":{"rendered":"<p>[et_pb_section fb_built=&#8220;1&#8243; fullwidth=&#8220;on&#8220; admin_label=&#8220;section&#8220; _builder_version=&#8220;4.16&#8243; global_colors_info=&#8220;{}&#8220;][et_pb_fullwidth_slider admin_label=&#8220;Fullwidth Slider&#8220; _builder_version=&#8220;4.16&#8243; header_line_height=&#8220;1.2em&#8220; parallax=&#8220;on&#8220; custom_padding=&#8220;|||&#8220; custom_padding_tablet=&#8220;|||&#8220; custom_padding_phone=&#8220;|||&#8220; auto=&#8220;on&#8220; auto_speed=&#8220;3000&#8243; box_shadow_style=&#8220;preset6&#8243; box_shadow_blur=&#8220;10px&#8220; box_shadow_color=&#8220;rgba(0,0,0,0.1)&#8220; show_inner_shadow=&#8220;on&#8220; global_colors_info=&#8220;{}&#8220; button_text_size__hover_enabled=&#8220;off&#8220; button_one_text_size__hover_enabled=&#8220;off&#8220; button_two_text_size__hover_enabled=&#8220;off&#8220; button_text_color__hover_enabled=&#8220;off&#8220; button_one_text_color__hover_enabled=&#8220;off&#8220; button_two_text_color__hover_enabled=&#8220;off&#8220; button_border_width__hover_enabled=&#8220;off&#8220; button_one_border_width__hover_enabled=&#8220;off&#8220; button_two_border_width__hover_enabled=&#8220;off&#8220; button_border_color__hover_enabled=&#8220;off&#8220; button_one_border_color__hover_enabled=&#8220;off&#8220; button_two_border_color__hover_enabled=&#8220;off&#8220; button_border_radius__hover_enabled=&#8220;off&#8220; button_one_border_radius__hover_enabled=&#8220;off&#8220; button_two_border_radius__hover_enabled=&#8220;off&#8220; button_letter_spacing__hover_enabled=&#8220;off&#8220; button_one_letter_spacing__hover_enabled=&#8220;off&#8220; button_two_letter_spacing__hover_enabled=&#8220;off&#8220; button_bg_color__hover_enabled=&#8220;off&#8220; button_one_bg_color__hover_enabled=&#8220;off&#8220; button_two_bg_color__hover_enabled=&#8220;off&#8220;][et_pb_slide heading=&#8220;Tierarztpraxis Knuchel&#8220; image=&#8220;http:\/\/tierarzt-bad-brueckenau.de\/wp-content\/uploads\/2017\/06\/Unbenannt-1.png&#8220; use_bg_overlay=&#8220;off&#8220; use_text_overlay=&#8220;off&#8220; _builder_version=&#8220;4.16&#8243; header_font=&#8220;|on|||&#8220; header_font_size=&#8220;53&#8243; body_font=&#8220;||||&#8220; background_color=&#8220;#f84c48&#8243; background_image=&#8220;http:\/\/tierarzt-bad-brueckenau.de\/wp-content\/uploads\/2017\/06\/Fotolia_139273200_M.jpg&#8220; button_icon_placement=&#8220;right&#8220; button_on_hover=&#8220;on&#8220; header_font_size_tablet=&#8220;53&#8243; header_font_size_phone=&#8220;53&#8243; global_colors_info=&#8220;{}&#8220; sticky_transition=&#8220;on&#8220; button_text_size__hover_enabled=&#8220;off&#8220; button_one_text_size__hover_enabled=&#8220;off&#8220; button_two_text_size__hover_enabled=&#8220;off&#8220; button_text_color__hover_enabled=&#8220;off&#8220; button_one_text_color__hover_enabled=&#8220;off&#8220; button_two_text_color__hover_enabled=&#8220;off&#8220; button_border_width__hover_enabled=&#8220;off&#8220; button_one_border_width__hover_enabled=&#8220;off&#8220; button_two_border_width__hover_enabled=&#8220;off&#8220; button_border_color__hover_enabled=&#8220;off&#8220; button_one_border_color__hover_enabled=&#8220;off&#8220; button_two_border_color__hover_enabled=&#8220;off&#8220; button_border_radius__hover_enabled=&#8220;off&#8220; button_one_border_radius__hover_enabled=&#8220;off&#8220; button_two_border_radius__hover_enabled=&#8220;off&#8220; button_letter_spacing__hover_enabled=&#8220;off&#8220; button_one_letter_spacing__hover_enabled=&#8220;off&#8220; button_two_letter_spacing__hover_enabled=&#8220;off&#8220; button_bg_color__hover_enabled=&#8220;off&#8220; button_one_bg_color__hover_enabled=&#8220;off&#8220; button_two_bg_color__hover_enabled=&#8220;off&#8220;][\/et_pb_slide][et_pb_slide heading=&#8220;Tierarztpraxis Knuchel&#8220; image=&#8220;http:\/\/tierarzt-bad-brueckenau.de\/wp-content\/uploads\/2017\/06\/Unbenannt-1.png&#8220; use_bg_overlay=&#8220;off&#8220; use_text_overlay=&#8220;off&#8220; _builder_version=&#8220;4.16&#8243; header_font=&#8220;|on|||&#8220; header_font_size=&#8220;53&#8243; body_font=&#8220;||||&#8220; background_color=&#8220;#ffffff&#8220; background_image=&#8220;http:\/\/tierarzt-bad-brueckenau.de\/wp-content\/uploads\/2017\/07\/kuehe_web.jpg&#8220; button_icon_placement=&#8220;right&#8220; button_on_hover=&#8220;on&#8220; header_font_size_tablet=&#8220;53&#8243; header_font_size_phone=&#8220;53&#8243; global_colors_info=&#8220;{}&#8220; sticky_transition=&#8220;on&#8220; button_text_size__hover_enabled=&#8220;off&#8220; button_one_text_size__hover_enabled=&#8220;off&#8220; button_two_text_size__hover_enabled=&#8220;off&#8220; button_text_color__hover_enabled=&#8220;off&#8220; button_one_text_color__hover_enabled=&#8220;off&#8220; button_two_text_color__hover_enabled=&#8220;off&#8220; button_border_width__hover_enabled=&#8220;off&#8220; button_one_border_width__hover_enabled=&#8220;off&#8220; button_two_border_width__hover_enabled=&#8220;off&#8220; button_border_color__hover_enabled=&#8220;off&#8220; button_one_border_color__hover_enabled=&#8220;off&#8220; button_two_border_color__hover_enabled=&#8220;off&#8220; button_border_radius__hover_enabled=&#8220;off&#8220; button_one_border_radius__hover_enabled=&#8220;off&#8220; button_two_border_radius__hover_enabled=&#8220;off&#8220; button_letter_spacing__hover_enabled=&#8220;off&#8220; button_one_letter_spacing__hover_enabled=&#8220;off&#8220; button_two_letter_spacing__hover_enabled=&#8220;off&#8220; button_bg_color__hover_enabled=&#8220;off&#8220; button_one_bg_color__hover_enabled=&#8220;off&#8220; button_two_bg_color__hover_enabled=&#8220;off&#8220;][\/et_pb_slide][\/et_pb_fullwidth_slider][et_pb_fullwidth_header title=&#8220;Unsere Leistungen&#8220; content_max_width=&#8220;none&#8220; _builder_version=&#8220;4.16&#8243; background_color=&#8220;rgba(255, 255, 255, 0)&#8220; background_layout=&#8220;light&#8220; global_colors_info=&#8220;{}&#8220; button_one_text_size__hover_enabled=&#8220;off&#8220; button_two_text_size__hover_enabled=&#8220;off&#8220; button_one_text_color__hover_enabled=&#8220;off&#8220; button_two_text_color__hover_enabled=&#8220;off&#8220; button_one_border_width__hover_enabled=&#8220;off&#8220; button_two_border_width__hover_enabled=&#8220;off&#8220; button_one_border_color__hover_enabled=&#8220;off&#8220; button_two_border_color__hover_enabled=&#8220;off&#8220; button_one_border_radius__hover_enabled=&#8220;off&#8220; button_two_border_radius__hover_enabled=&#8220;off&#8220; button_one_letter_spacing__hover_enabled=&#8220;off&#8220; button_two_letter_spacing__hover_enabled=&#8220;off&#8220; button_one_bg_color__hover_enabled=&#8220;off&#8220; button_two_bg_color__hover_enabled=&#8220;off&#8220;][\/et_pb_fullwidth_header][\/et_pb_section][et_pb_section fb_built=&#8220;1&#8243; admin_label=&#8220;section&#8220; _builder_version=&#8220;4.16&#8243; global_colors_info=&#8220;{}&#8220;][et_pb_row _builder_version=&#8220;4.16&#8243; background_size=&#8220;initial&#8220; background_position=&#8220;top_left&#8220; background_repeat=&#8220;repeat&#8220; global_colors_info=&#8220;{}&#8220; column_structure=&#8220;1_2,1_2&#8243;][et_pb_column type=&#8220;1_2&#8243; _builder_version=&#8220;4.16&#8243; custom_padding=&#8220;|||&#8220; global_colors_info=&#8220;{}&#8220; custom_padding__hover=&#8220;|||&#8220;][et_pb_blurb title=&#8220;Leistungen Kleintiere&#8220; image_icon_width=&#8220;none&#8220; _builder_version=&#8220;4.16&#8243; body_font_size=&#8220;12&#8243; image_max_width=&#8220;none&#8220; global_colors_info=&#8220;{}&#8220;]<\/p>\n<p>.<br \/><strong>Allgemeine Behandlung von Hunden, Katzen und anderen Kleintieren<\/strong><\/p>\n<p><strong>Impfungen<br \/><\/strong><\/p>\n<p><strong>HD\/ED R&ouml;ntgen<\/strong><\/p>\n<p><strong>Chippen Ausstellung EU Pass<\/strong><\/p>\n<p><strong>T&auml;towieren bei Katzen<\/strong><\/p>\n<p><strong>Kastration<\/strong><\/p>\n<p><strong>Zahnsteinentfernung mit Ultraschall und Zahnextraktion<\/strong><\/p>\n<p><strong>Weichteil-OPs<\/strong><\/p>\n<p><strong>F&uuml;tterungsberatung bei bestehenden Krankheiten<\/strong><\/p>\n<p><strong>Untersuchung von Kotproben (Parasiten)<\/strong><\/p>\n<p><strong>Euthanasie<\/strong><\/p>\n<p><strong>R&ouml;ntgen- und Ultraschalluntersuchungen<\/strong><\/p>\n<p>[\/et_pb_blurb][et_pb_blurb title=&#8220;Kosten&#8220; image_icon_width=&#8220;none&#8220; _builder_version=&#8220;4.23.1&#8243; hover_enabled=&#8220;0&#8243; image_max_width=&#8220;none&#8220; global_colors_info=&#8220;{}&#8220; sticky_enabled=&#8220;0&#8243;]<\/p>\n<div class=\"page\" title=\"Page 6\">\n<div class=\"layoutArea\">\n<div class=\"column\">\n<p>Geb\u00fchrenh\u00f6he<\/p>\n<p>Die H\u00f6he der einzelnen Geb\u00fchr bemisst sich, soweit nicht anderes bestimmt ist, nach dem Einfachen bis Dreifachen des Geb\u00fchrensatzes. Die Geb\u00fchr ist innerhalb dieses Rahmens unter Ber\u00fccksichtigung der besonde- ren Umst\u00e4nde des einzelnen Falles, insbesondere der Schwierigkeit der Leistungen, des Zeitaufwandes, des Wertes des Tieres sowie der \u00f6rtlichen Verh\u00e4ltnisse nach billigem Ermessen zu bestimmen.<br \/>In der Kleintierpraxis behalten wir uns vor bei Notf\u00e4llen au\u00dferhalb der Sprechzeiten den doppelten Satz f\u00fcr Leistungen zu berechnen.<\/p>\n<div class=\"default-style\">Im Notdienst , d.h.<\/div>\n<div class=\"default-style\">&#8211; t\u00e4glich von 18.00 Uhr bis 8.00 Uhr des jeweils folgenden Tages (Nacht),<\/div>\n<div class=\"default-style\">&#8211; von freitags 18.00 Uhr bis 8.00 Uhr des jeweils folgenden Montags (Wochenende) sowie<\/div>\n<div class=\"default-style\">&#8211; von 0.00 Uhr bis 24.00 Uhr eines gesetzlichen Feiertags<\/div>\n<div class=\"default-style\">muss lt. GOT \u00a7 3a eine pauschale Notdienstgeb\u00fchr in H\u00f6he von 50,-\u20ac netto berechnet werden.<\/div>\n<div class=\"default-style\">Zus\u00e4tzlich muss f\u00fcr tier\u00e4rztliche Leistungen im Notdienst mindestens der 2-fache Satz der GOT abgerechnet werden.<\/div>\n<div class=\"default-style\">Weitere Infos zur GOT finden Sie unter <a href=\"http:\/\/www.xn--bundestierrztekammer-kzb.de\/\">www.bundestier\u00e4rztekammer.de<\/a> (Rubrik: F\u00fcr Tierhalter\/GOT).<\/div>\n<div class=\"default-style\">Weitere Infos zum Notdienst finden Sie unter <a href=\"http:\/\/www.xn--bundestierrztekammer-kzb.de\/\">www.bundestier\u00e4rztekammer.de<\/a> ( Rubrik: F\u00fcr Tierhalter\/Tipps f\u00fcr Tierhalter\/Notdienstflyer).<\/div>\n<\/div>\n<\/div>\n<\/div>\n<p>[\/et_pb_blurb][\/et_pb_column][et_pb_column type=&#8220;1_2&#8243; _builder_version=&#8220;4.16&#8243; custom_padding=&#8220;|||&#8220; global_colors_info=&#8220;{}&#8220; custom_padding__hover=&#8220;|||&#8220;][et_pb_blurb title=&#8220;Leistungen Gro\u00dftiere&#8220; image_icon_width=&#8220;none&#8220; _builder_version=&#8220;4.16&#8243; body_font_size=&#8220;12&#8243; image_max_width=&#8220;none&#8220; global_colors_info=&#8220;{}&#8220;]<\/p>\n<p><strong>.<br \/> Allgemeine Untersuchungen und Behandlungen<\/strong><\/p>\n<p><strong>von Rindern, Pferden, Schafen, Ziegen und Schweinen.<\/strong><\/p>\n<p><strong>Bestandsbetreuung von Rindern<\/strong><\/p>\n<p><strong>Ausstellung Impfpass, Gesundheitszeugnis Pferd<\/strong><\/p>\n<p><strong>Operationen (Kalbungen,Kaiserschnitt, Klauen&#8230;)<\/strong><\/p>\n<p><strong>Euthanasie<br \/><\/strong><\/p>\n<p><strong>Zahnbehandlung von Pferden<br \/><\/strong><\/p>\n<p><strong>Mobiles R&ouml;ntgen<br \/><\/strong><\/p>\n<p><strong>Ultraschall &#8211; Untersuchungen<br \/><\/strong><\/p>\n<p><strong>F&uuml;tterungsberatung<\/strong><\/p>\n<p>[\/et_pb_blurb][\/et_pb_column][\/et_pb_row][et_pb_row _builder_version=&#8220;4.16&#8243; background_size=&#8220;initial&#8220; background_position=&#8220;top_left&#8220; background_repeat=&#8220;repeat&#8220; global_colors_info=&#8220;{}&#8220;][et_pb_column type=&#8220;4_4&#8243; _builder_version=&#8220;4.16&#8243; custom_padding=&#8220;|||&#8220; global_colors_info=&#8220;{}&#8220; custom_padding__hover=&#8220;|||&#8220;][et_pb_divider color=&#8220;#7cda24&#8243; divider_weight=&#8220;3&#8243; disabled_on=&#8220;on|on|off&#8220; _builder_version=&#8220;4.16&#8243; global_colors_info=&#8220;{}&#8220;][\/et_pb_divider][\/et_pb_column][\/et_pb_row][et_pb_row admin_label=&#8220;row&#8220; _builder_version=&#8220;4.16&#8243; background_size=&#8220;initial&#8220; background_position=&#8220;top_left&#8220; background_repeat=&#8220;repeat&#8220; global_colors_info=&#8220;{}&#8220; column_structure=&#8220;1_3,1_3,1_3&#8243;][et_pb_column type=&#8220;1_3&#8243; _builder_version=&#8220;4.16&#8243; custom_padding=&#8220;|||&#8220; global_colors_info=&#8220;{}&#8220; custom_padding__hover=&#8220;|||&#8220;][et_pb_blurb image=&#8220;http:\/\/tierarzt-bad-brueckenau.de\/wp-content\/uploads\/2017\/07\/katze11.jpg&#8220; image_icon_width=&#8220;none&#8220; admin_label=&#8220;Blurb&#8220; _builder_version=&#8220;4.16&#8243; background_size=&#8220;initial&#8220; background_position=&#8220;top_left&#8220; background_repeat=&#8220;repeat&#8220; text_orientation=&#8220;center&#8220; image_max_width=&#8220;none&#8220; global_colors_info=&#8220;{}&#8220;][\/et_pb_blurb][\/et_pb_column][et_pb_column type=&#8220;1_3&#8243; _builder_version=&#8220;4.16&#8243; custom_padding=&#8220;|||&#8220; global_colors_info=&#8220;{}&#8220; custom_padding__hover=&#8220;|||&#8220;][et_pb_blurb image=&#8220;http:\/\/tierarzt-bad-brueckenau.de\/wp-content\/uploads\/2017\/07\/hund11.jpg&#8220; image_icon_width=&#8220;none&#8220; admin_label=&#8220;Blurb&#8220; _builder_version=&#8220;4.16&#8243; background_size=&#8220;initial&#8220; background_position=&#8220;top_left&#8220; background_repeat=&#8220;repeat&#8220; text_orientation=&#8220;center&#8220; image_max_width=&#8220;none&#8220; global_colors_info=&#8220;{}&#8220;][\/et_pb_blurb][\/et_pb_column][et_pb_column type=&#8220;1_3&#8243; _builder_version=&#8220;4.16&#8243; custom_padding=&#8220;|||&#8220; global_colors_info=&#8220;{}&#8220; custom_padding__hover=&#8220;|||&#8220;][et_pb_blurb image=&#8220;http:\/\/tierarzt-bad-brueckenau.de\/wp-content\/uploads\/2017\/07\/pferd11.jpg&#8220; image_icon_width=&#8220;none&#8220; admin_label=&#8220;Blurb&#8220; _builder_version=&#8220;4.16&#8243; background_size=&#8220;initial&#8220; background_position=&#8220;top_left&#8220; background_repeat=&#8220;repeat&#8220; text_orientation=&#8220;center&#8220; image_max_width=&#8220;none&#8220; global_colors_info=&#8220;{}&#8220;][\/et_pb_blurb][\/et_pb_column][\/et_pb_row][\/et_pb_section]<\/p>\n","protected":false},"excerpt":{"rendered":"<p>.Allgemeine Behandlung von Hunden, Katzen und anderen Kleintieren Impfungen HD\/ED R&ouml;ntgen Chippen Ausstellung EU Pass T&auml;towieren bei Katzen Kastration Zahnsteinentfernung mit Ultraschall und Zahnextraktion Weichteil-OPs F&uuml;tterungsberatung bei bestehenden Krankheiten Untersuchung von Kotproben (Parasiten) Euthanasie R&ouml;ntgen- und Ultraschalluntersuchungen Geb\u00fchrenh\u00f6he Die H\u00f6he der einzelnen Geb\u00fchr bemisst sich, soweit nicht anderes bestimmt ist, nach dem Einfachen bis Dreifachen [&hellip;]<\/p>\n","protected":false},"author":1,"featured_media":0,"parent":0,"menu_order":0,"comment_status":"closed","ping_status":"closed","template":"","meta":{"_et_pb_use_builder":"on","_et_pb_old_content":"","_et_gb_content_width":"","footnotes":""},"class_list":["post-59","page","type-page","status-publish","hentry"],"_links":{"self":[{"href":"http:\/\/tierarzt-bad-brueckenau.de\/index.php?rest_route=\/wp\/v2\/pages\/59","targetHints":{"allow":["GET"]}}],"collection":[{"href":"http:\/\/tierarzt-bad-brueckenau.de\/index.php?rest_route=\/wp\/v2\/pages"}],"about":[{"href":"http:\/\/tierarzt-bad-brueckenau.de\/index.php?rest_route=\/wp\/v2\/types\/page"}],"author":[{"embeddable":true,"href":"http:\/\/tierarzt-bad-brueckenau.de\/index.php?rest_route=\/wp\/v2\/users\/1"}],"replies":[{"embeddable":true,"href":"http:\/\/tierarzt-bad-brueckenau.de\/index.php?rest_route=%2Fwp%2Fv2%2Fcomments&post=59"}],"version-history":[{"count":35,"href":"http:\/\/tierarzt-bad-brueckenau.de\/index.php?rest_route=\/wp\/v2\/pages\/59\/revisions"}],"predecessor-version":[{"id":515,"href":"http:\/\/tierarzt-bad-brueckenau.de\/index.php?rest_route=\/wp\/v2\/pages\/59\/revisions\/515"}],"wp:attachment":[{"href":"http:\/\/tierarzt-bad-brueckenau.de\/index.php?rest_route=%2Fwp%2Fv2%2Fmedia&parent=59"}],"curies":[{"name":"wp","href":"https:\/\/api.w.org\/{rel}","templated":true}]}}